{"id":21156,"date":"2021-11-23T21:30:58","date_gmt":"2021-11-23T21:30:58","guid":{"rendered":"https:\/\/clasicasantiagodelteide.com\/2021\/?page_id=21156"},"modified":"2021-11-23T21:59:50","modified_gmt":"2021-11-23T21:59:50","slug":"clasica-santiago-del-teide-alojamientos","status":"publish","type":"page","link":"https:\/\/clasicasantiagodelteide.com\/2021\/?page_id=21156","title":{"rendered":"Cl\u00e1sica Santiago del Teide &#8211; Alojamientos"},"content":{"rendered":"<p>[vc_row][vc_column][dfd_spacer screen_wide_spacer_size=\u00bb80&#8243; screen_normal_resolution=\u00bb1280&#8243; screen_tablet_resolution=\u00bb1024&#8243; screen_mobile_resolution=\u00bb800&#8243; screen_wide_resolution=\u00bb1280&#8243; screen_normal_spacer_size=\u00bb60&#8243; screen_tablet_spacer_size=\u00bb40&#8243; screen_mobile_spacer_size=\u00bb30&#8243;][vc_row_inner][vc_column_inner][dfd_single_image hover_style=\u00bbdfd-image-scale\u00bb image=\u00bb21074&#8243;][\/vc_column_inner][\/vc_row_inner][dfd_spacer screen_wide_spacer_size=\u00bb50&#8243; screen_normal_resolution=\u00bb1280&#8243; screen_tablet_resolution=\u00bb1024&#8243; screen_mobile_resolution=\u00bb800&#8243; screen_wide_resolution=\u00bb1280&#8243; screen_normal_spacer_size=\u00bb40&#8243; screen_tablet_spacer_size=\u00bb0&#8243; screen_mobile_spacer_size=\u00bb0&#8243;][\/vc_column][\/vc_row][vc_row][vc_column][dfd_spacer screen_wide_spacer_size=\u00bb100&#8243; screen_normal_resolution=\u00bb1280&#8243; screen_tablet_resolution=\u00bb1024&#8243; screen_mobile_resolution=\u00bb800&#8243; screen_wide_resolution=\u00bb1280&#8243; screen_normal_spacer_size=\u00bb40&#8243; screen_tablet_spacer_size=\u00bb40&#8243; screen_mobile_spacer_size=\u00bb40&#8243;][\/vc_column][\/vc_row][vc_row css=\u00bb.vc_custom_1637085359054{background-color: #000000 !important;}\u00bb][vc_column dfd_column_responsive_enable=\u00bbdfd-column-responsive-enable\u00bb col_shadow=\u00bbbox_shadow_enable:disable|shadow_horizontal:0|shadow_vertical:15|shadow_blur:50|shadow_spread:0|box_shadow_color:rgba(0%2C0%2C0%2C0.35)\u00bb col_shadow_hover=\u00bbbox_shadow_enable:disable|shadow_horizontal:0|shadow_vertical:15|shadow_blur:50|shadow_spread:0|box_shadow_color:rgba(0%2C0%2C0%2C0.35)\u00bb responsive_styles=\u00bbpadding_left_desktop:20|padding_right_desktop:20|padding_left_tablet:20|padding_right_tablet:20|padding_left_mobile:20|padding_right_mobile:20&#8243;][dfd_spacer screen_wide_spacer_size=\u00bb100&#8243; screen_normal_resolution=\u00bb1280&#8243; screen_tablet_resolution=\u00bb1024&#8243; screen_mobile_resolution=\u00bb800&#8243; screen_wide_resolution=\u00bb1280&#8243; screen_normal_spacer_size=\u00bb80&#8243; screen_tablet_spacer_size=\u00bb70&#8243; screen_mobile_spacer_size=\u00bb60&#8243;][dfd_heading style=\u00bbstyle_02&#8243; subtitle=\u00bbDe inter\u00e9s para el participante\u00bb module_animation=\u00bbtransition.expandIn\u00bb enable_delimiter=\u00bb\u00bb undefined=\u00bb\u00bb title_font_options=\u00bbtag:h2|font_size:37|color:%23ffffff|line_height:44|letter_spacing:-1.5&#8243; subtitle_font_options=\u00bbtag:h6|font_size:12|color:%23ffffff\u00bb subheading_margin=\u00bbmargin-bottom:10&#8243; title_responsive=\u00bbfont_size_desktop:34|line_height_desktop:40|font_size_tablet:30|line_height_tablet:36|font_size_mobile:24|line_height_mobile:32&#8243; subtitle_responsive=\u00bbfont_size_tablet:11|font_size_mobile:10&#8243; title_google_fonts=\u00bbyes\u00bb title_custom_fonts=\u00bbfont_family:Merriweather%3A300%2C300italic%2Cregular%2Citalic%2C700%2C700italic%2C900%2C900italic|font_style:700%20bold%20regular%3A700%3Anormal\u00bb]ALGUNAS OFERTAS HOTELERAS QUE PUEDEN INTERESARTE[\/dfd_heading][dfd_spacer screen_wide_spacer_size=\u00bb40&#8243; screen_normal_resolution=\u00bb1280&#8243; screen_tablet_resolution=\u00bb1024&#8243; screen_mobile_resolution=\u00bb800&#8243; screen_wide_resolution=\u00bb1280&#8243; screen_normal_spacer_size=\u00bb35&#8243; screen_tablet_spacer_size=\u00bb30&#8243; screen_mobile_spacer_size=\u00bb25&#8243;][\/vc_column][\/vc_row][vc_row][vc_column][dfd_spacer screen_wide_spacer_size=\u00bb50&#8243; screen_normal_resolution=\u00bb1024&#8243; screen_tablet_resolution=\u00bb800&#8243; screen_mobile_resolution=\u00bb480&#8243;][\/vc_column][\/vc_row][vc_row][vc_column width=\u00bb1\/2&#8243;][dfd_heading subtitle=\u00bbhttps:\/\/www.hoteles-losdragos.com\/dragos-del-sur\/\u00bb delimiter_settings=\u00bbdelimiter_style:solid|delimiter_width:80|delimiter_height:1&#8243; title_font_options=\u00bbtag:h2&#8243; subtitle_font_options=\u00bbtag:div\u00bb]<a href=\"https:\/\/www.hoteles-losdragos.com\/dragos-del-sur\/\">Hotel Los Dragos del Sur<\/a>[\/dfd_heading][dfd_spacer screen_wide_spacer_size=\u00bb10&#8243; screen_normal_resolution=\u00bb1024&#8243; screen_tablet_resolution=\u00bb800&#8243; screen_mobile_resolution=\u00bb480&#8243;][dfd_single_image image=\u00bb21165&#8243;][\/vc_column][vc_column width=\u00bb1\/2&#8243;][dfd_animate_heading title=\u00bbS\u00f3lo 10 habitaciones\u00bb subtitle=\u00bba un precio de 70\u20ac\/noche\u00bb top_bottom_offset=\u00bb10&#8243; left_right_offset=\u00bb12&#8243; title_border_radius=\u00bb0&#8243; subtitle_border_radius=\u00bb0&#8243; title_font_options=\u00bbtag:h3&#8243; subtitle_font_options=\u00bbtag:div\u00bb][dfd_spacer screen_wide_spacer_size=\u00bb10&#8243; screen_normal_resolution=\u00bb1024&#8243; screen_tablet_resolution=\u00bb800&#8243; screen_mobile_resolution=\u00bb480&#8243;][vc_column_text]Ubicado a escasos centenares de metro de la ubicaci\u00f3n de salida y llegada de la prueba, el Hotel Dragos del Sur se convierte en una opci\u00f3n magn\u00edfica para los participantes y familiares.<\/p>\n<p>El hotel colabora con la organizaci\u00f3n de la Cl\u00e1sica Santiago del Teide ofert\u00e1ndonos un m\u00e1ximo de 10 habitaciones dobles con desayuno incluido para la noche del 11 al 12 de diciembre (ampliable) al precio de 70\u20ac.<\/p>\n<p>Para la reserva deber\u00e1n enviar un email a recepcionsur@hoteles-losdragos.com o llam\u00e1ndoles al 922 86 25 50, indicando que es una reserva para el evento deportivo \u00abCl\u00e1sica Santiago del Teide\u00bb con el que colaboran.<\/p>\n<p>Debido a la escasez de plazas hoteleras en el sur de la isla, recomendamos encarecidamente la reserva de la habitaci\u00f3n lo antes posible y siempre antes del 03\/12.[\/vc_column_text][dfd_spacer screen_wide_spacer_size=\u00bb10&#8243; screen_normal_resolution=\u00bb1024&#8243; screen_tablet_resolution=\u00bb800&#8243; screen_mobile_resolution=\u00bb480&#8243;][\/vc_column][\/vc_row][vc_row][vc_column][dfd_spacer screen_wide_spacer_size=\u00bb50&#8243; screen_normal_resolution=\u00bb1024&#8243; screen_tablet_resolution=\u00bb800&#8243; screen_mobile_resolution=\u00bb480&#8243;][\/vc_column][\/vc_row][vc_row dfd_row_config=\u00bbfull_width_content\u00bb][vc_column dfd_column_responsive_enable=\u00bbdfd-column-responsive-enable\u00bb css=\u00bb.vc_custom_1482331696489{padding-right: 30px !important;padding-left: 30px !important;}\u00bb col_shadow=\u00bbbox_shadow_enable:disable|shadow_horizontal:0|shadow_vertical:15|shadow_blur:50|shadow_spread:0|box_shadow_color:rgba(0%2C0%2C0%2C0.35)\u00bb col_shadow_hover=\u00bbbox_shadow_enable:disable|shadow_horizontal:0|shadow_vertical:15|shadow_blur:50|shadow_spread:0|box_shadow_color:rgba(0%2C0%2C0%2C0.35)\u00bb responsive_styles=\u00bbpadding_left_mobile:20|padding_right_mobile:20&#8243;][dfd_logo_carousel list_fields=\u00bb%5B%7B%22icon_image_id%22%3A%2221131%22%2C%22link_box%22%3A%22link_b%22%2C%22link%22%3A%22url%3Ahttp%253A%252F%252Fwww.santiagodelteide.org%252F%7Ctarget%3A_blank%22%7D%2C%7B%22icon_image_id%22%3A%2221134%22%2C%22description%22%3A%22Cras%20eros%20justo%2C%20iaculis%20ut%20sapien%20nec%2C%20imperdiet%20vulputate%20erat.%20Ut%20accumsan%20leo%20in%20suscipit%20rutrum.%20Nulla%20ipsum%20ante%2C%20gravida%20eu%20libero%20quis%2C%20fermentum%20laoreet%20diam.%22%2C%22link_box%22%3A%22link_b%22%2C%22link%22%3A%22url%3Ahttps%253A%252F%252Fractenerife.com%252Fclasicatenerife%252F%7Ctarget%3A_blank%22%7D%2C%7B%22icon_image_id%22%3A%2221133%22%2C%22description%22%3A%22Sed%20id%20dui%20felis.%20Sed%20sed%20diam%20vitae%20enim%20pretium%20dapibus.%20Nullam%20a%20dolor%20eu%20mi%20congue%20sollicitudin.%20Suspendisse%20maximus%20blandit%20ipsum%2C%20vel%20lacinia%20odio%20ultrices%20vel.%20%22%2C%22link_box%22%3A%22link_b%22%2C%22link%22%3A%22url%3Ahttps%253A%252F%252Ffiasct.com%252F%7Ctarget%3A_blank%22%7D%2C%7B%22icon_image_id%22%3A%2221136%22%2C%22link_box%22%3A%22link_b%22%2C%22link%22%3A%22url%3Ahttps%253A%252F%252Fwww.tiemposonline.es%7Ctarget%3A_blank%22%7D%2C%7B%22icon_image_id%22%3A%2221135%22%2C%22link_box%22%3A%22link_b%22%2C%22link%22%3A%22url%3Ahttps%253A%252F%252Fclasicatht.com%252F%7Ctarget%3A_blank%22%7D%2C%7B%22icon_image_id%22%3A%2221132%22%7D%5D\u00bb main_style=\u00bbstyle-2&#8243;][\/vc_column][\/vc_row]<\/p>\n","protected":false},"excerpt":{"rendered":"<p>[vc_row][vc_column][dfd_spacer screen_wide_spacer_size=\u00bb80&#8243; screen_normal_resolution=\u00bb1280&#8243; screen_tablet_resolution=\u00bb1024&#8243; screen_mobile_resolution=\u00bb800&#8243; screen_wide_resolution=\u00bb1280&#8243; screen_normal_spacer_size=\u00bb60&#8243; screen_tablet_spacer_size=\u00bb40&#8243; screen_mobile_spacer_size=\u00bb30&#8243;][vc_row_inner][vc_column_inner][dfd_single_image hover_style=\u00bbdfd-image-scale\u00bb image=\u00bb21074&#8243;][\/vc_column_inner][\/vc_row_inner][dfd_spacer screen_wide_spacer_size=\u00bb50&#8243; screen_normal_resolution=\u00bb1280&#8243; screen_tablet_resolution=\u00bb1024&#8243; screen_mobile_resolution=\u00bb800&#8243; screen_wide_resolution=\u00bb1280&#8243; screen_normal_spacer_size=\u00bb40&#8243; screen_tablet_spacer_size=\u00bb0&#8243; screen_mobile_spacer_size=\u00bb0&#8243;][\/vc_column][\/vc_row][vc_row][vc_column][dfd_spacer screen_wide_spacer_size=\u00bb100&#8243; screen_normal_resolution=\u00bb1280&#8243; screen_tablet_resolution=\u00bb1024&#8243; screen_mobile_resolution=\u00bb800&#8243; screen_wide_resolution=\u00bb1280&#8243; screen_normal_spacer_size=\u00bb40&#8243; screen_tablet_spacer_size=\u00bb40&#8243; screen_mobile_spacer_size=\u00bb40&#8243;][\/vc_column][\/vc_row][vc_row css=\u00bb.vc_custom_1637085359054{background-color: #000000 !important;}\u00bb][vc_column<\/p>\n","protected":false},"author":1,"featured_media":0,"parent":0,"menu_order":0,"comment_status":"closed","ping_status":"closed","template":"tmp-page.php","meta":{"footnotes":""},"class_list":["post-21156","page","type-page","status-publish","hentry"],"_links":{"self":[{"href":"https:\/\/clasicasantiagodelteide.com\/2021\/index.php?rest_route=\/wp\/v2\/pages\/21156","targetHints":{"allow":["GET"]}}],"collection":[{"href":"https:\/\/clasicasantiagodelteide.com\/2021\/index.php?rest_route=\/wp\/v2\/pages"}],"about":[{"href":"https:\/\/clasicasantiagodelteide.com\/2021\/index.php?rest_route=\/wp\/v2\/types\/page"}],"author":[{"embeddable":true,"href":"https:\/\/clasicasantiagodelteide.com\/2021\/index.php?rest_route=\/wp\/v2\/users\/1"}],"replies":[{"embeddable":true,"href":"https:\/\/clasicasantiagodelteide.com\/2021\/index.php?rest_route=%2Fwp%2Fv2%2Fcomments&post=21156"}],"version-history":[{"count":13,"href":"https:\/\/clasicasantiagodelteide.com\/2021\/index.php?rest_route=\/wp\/v2\/pages\/21156\/revisions"}],"predecessor-version":[{"id":21172,"href":"https:\/\/clasicasantiagodelteide.com\/2021\/index.php?rest_route=\/wp\/v2\/pages\/21156\/revisions\/21172"}],"wp:attachment":[{"href":"https:\/\/clasicasantiagodelteide.com\/2021\/index.php?rest_route=%2Fwp%2Fv2%2Fmedia&parent=21156"}],"curies":[{"name":"wp","href":"https:\/\/api.w.org\/{rel}","templated":true}]}}